{"id":155,"date":"2022-08-08T17:37:53","date_gmt":"2022-08-08T17:37:53","guid":{"rendered":"https:\/\/hoteldunord.qc.ca\/?page_id=155"},"modified":"2024-02-14T14:17:40","modified_gmt":"2024-02-14T19:17:40","slug":"politique-de-reservation","status":"publish","type":"page","link":"https:\/\/www.hoteldunord.qc.ca\/en\/politique-de-reservation\/","title":{"rendered":"Politique de r\u00e9servation"},"content":{"rendered":"<p><strong>Prices displayed on the website<\/strong><br>All our prices are displayed in Canadian dollars (CAD) and before taxes. Our rates are subject to change without notice.<br><br><strong>Cancellation Policy<\/strong><br>Il est possible d\u2019annuler sans frais votre s\u00e9jour au moins 48h avant la date pr\u00e9vue de votre arriv\u00e9e, soit jusqu\u2019\u00e0 16h, 2 jours plus t\u00f4t. Une fois ce d\u00e9lai d\u00e9pass\u00e9, l\u2019h\u00f4tel facturera l\u2019\u00e9quivalent d\u2019une nuit\u00e9e avec les taxes, sur la carte de cr\u00e9dit donn\u00e9e en garantie.<br><br><strong>No-Show Policy<\/strong><br>In case of a no-show, the hotel will charge, without notice, the equivalent of one night's stay with taxes on the credit card provided as a guarantee.<\/p>\n\n\n\n<p><strong>Guarantee<\/strong><br>To be guaranteed, all reservations must be made with a valid credit card. The hotel reserves the right to cancel, without notice, any reservation made with an invalid credit card.<\/p>","protected":false},"excerpt":{"rendered":"<p>Prix affich\u00e9s sur le siteTous nos prix sont affich\u00e9s en dollars canadiens (CAD) et avant taxes. Nos tarifs sont sujets \u00e0 changements sans pr\u00e9avis. Politique d\u2019annulationIl est possible d\u2019annuler sans frais votre s\u00e9jour au moins 48h avant la date pr\u00e9vue de votre arriv\u00e9e, soit jusqu\u2019\u00e0 16h, 2 jours plus t\u00f4t. Une fois ce d\u00e9lai d\u00e9pass\u00e9, [&hellip;]<\/p>\n","protected":false},"author":1,"featured_media":0,"parent":0,"menu_order":0,"comment_status":"closed","ping_status":"closed","template":"","meta":{"_acf_changed":false,"inline_featured_image":false,"footnotes":""},"class_list":["post-155","page","type-page","status-publish","hentry"],"acf":[],"yoast_head":"<!-- This site is optimized with the Yoast SEO plugin v27.4 - https:\/\/yoast.com\/product\/yoast-seo-wordpress\/ -->\n<title>Politique de r\u00e9servation - H\u00f4tel du Nord<\/title>\n<meta name=\"robots\" content=\"index, follow, max-snippet:-1, max-image-preview:large, max-video-preview:-1\" \/>\n<link rel=\"canonical\" href=\"https:\/\/www.hoteldunord.qc.ca\/en\/politique-de-reservation\/\" \/>\n<meta property=\"og:locale\" content=\"en_US\" \/>\n<meta property=\"og:type\" content=\"article\" \/>\n<meta property=\"og:title\" content=\"Politique de r\u00e9servation - H\u00f4tel du Nord\" \/>\n<meta property=\"og:description\" content=\"Prix affich\u00e9s sur le siteTous nos prix sont affich\u00e9s en dollars canadiens (CAD) et avant taxes. Nos tarifs sont sujets \u00e0 changements sans pr\u00e9avis. Politique d\u2019annulationIl est possible d\u2019annuler sans frais votre s\u00e9jour au moins 48h avant la date pr\u00e9vue de votre arriv\u00e9e, soit jusqu\u2019\u00e0 16h, 2 jours plus t\u00f4t. Une fois ce d\u00e9lai d\u00e9pass\u00e9, [&hellip;]\" \/>\n<meta property=\"og:url\" content=\"https:\/\/www.hoteldunord.qc.ca\/en\/politique-de-reservation\/\" \/>\n<meta property=\"og:site_name\" content=\"H\u00f4tel du Nord\" \/>\n<meta property=\"article:modified_time\" content=\"2024-02-14T19:17:40+00:00\" \/>\n<meta name=\"twitter:card\" content=\"summary_large_image\" \/>\n<meta name=\"twitter:label1\" content=\"Est. reading time\" \/>\n\t<meta name=\"twitter:data1\" content=\"2 minutes\" \/>\n<script type=\"application\/ld+json\" class=\"yoast-schema-graph\">{\"@context\":\"https:\\\/\\\/schema.org\",\"@graph\":[{\"@type\":\"WebPage\",\"@id\":\"https:\\\/\\\/www.hoteldunord.qc.ca\\\/politique-de-reservation\\\/\",\"url\":\"https:\\\/\\\/www.hoteldunord.qc.ca\\\/politique-de-reservation\\\/\",\"name\":\"Politique de r\u00e9servation - H\u00f4tel du Nord\",\"isPartOf\":{\"@id\":\"https:\\\/\\\/www.hoteldunord.qc.ca\\\/#website\"},\"datePublished\":\"2022-08-08T17:37:53+00:00\",\"dateModified\":\"2024-02-14T19:17:40+00:00\",\"breadcrumb\":{\"@id\":\"https:\\\/\\\/www.hoteldunord.qc.ca\\\/politique-de-reservation\\\/#breadcrumb\"},\"inLanguage\":\"en-CA\",\"potentialAction\":[{\"@type\":\"ReadAction\",\"target\":[\"https:\\\/\\\/www.hoteldunord.qc.ca\\\/politique-de-reservation\\\/\"]}]},{\"@type\":\"BreadcrumbList\",\"@id\":\"https:\\\/\\\/www.hoteldunord.qc.ca\\\/politique-de-reservation\\\/#breadcrumb\",\"itemListElement\":[{\"@type\":\"ListItem\",\"position\":1,\"name\":\"Home\",\"item\":\"https:\\\/\\\/www.hoteldunord.qc.ca\\\/\"},{\"@type\":\"ListItem\",\"position\":2,\"name\":\"Politique de r\u00e9servation\"}]},{\"@type\":\"WebSite\",\"@id\":\"https:\\\/\\\/www.hoteldunord.qc.ca\\\/#website\",\"url\":\"https:\\\/\\\/www.hoteldunord.qc.ca\\\/\",\"name\":\"H\u00f4tel du Nord\",\"description\":\"\",\"potentialAction\":[{\"@type\":\"SearchAction\",\"target\":{\"@type\":\"EntryPoint\",\"urlTemplate\":\"https:\\\/\\\/www.hoteldunord.qc.ca\\\/?s={search_term_string}\"},\"query-input\":{\"@type\":\"PropertyValueSpecification\",\"valueRequired\":true,\"valueName\":\"search_term_string\"}}],\"inLanguage\":\"en-CA\"}]}<\/script>\n<!-- \/ Yoast SEO plugin. -->","yoast_head_json":{"title":"Reservation Policy - H\u00f4tel du Nord","robots":{"index":"index","follow":"follow","max-snippet":"max-snippet:-1","max-image-preview":"max-image-preview:large","max-video-preview":"max-video-preview:-1"},"canonical":"https:\/\/www.hoteldunord.qc.ca\/en\/politique-de-reservation\/","og_locale":"en_US","og_type":"article","og_title":"Politique de r\u00e9servation - H\u00f4tel du Nord","og_description":"Prix affich\u00e9s sur le siteTous nos prix sont affich\u00e9s en dollars canadiens (CAD) et avant taxes. Nos tarifs sont sujets \u00e0 changements sans pr\u00e9avis. Politique d\u2019annulationIl est possible d\u2019annuler sans frais votre s\u00e9jour au moins 48h avant la date pr\u00e9vue de votre arriv\u00e9e, soit jusqu\u2019\u00e0 16h, 2 jours plus t\u00f4t. Une fois ce d\u00e9lai d\u00e9pass\u00e9, [&hellip;]","og_url":"https:\/\/www.hoteldunord.qc.ca\/en\/politique-de-reservation\/","og_site_name":"H\u00f4tel du Nord","article_modified_time":"2024-02-14T19:17:40+00:00","twitter_card":"summary_large_image","twitter_misc":{"Est. reading time":"2 minutes"},"schema":{"@context":"https:\/\/schema.org","@graph":[{"@type":"WebPage","@id":"https:\/\/www.hoteldunord.qc.ca\/politique-de-reservation\/","url":"https:\/\/www.hoteldunord.qc.ca\/politique-de-reservation\/","name":"Reservation Policy - H\u00f4tel du Nord","isPartOf":{"@id":"https:\/\/www.hoteldunord.qc.ca\/#website"},"datePublished":"2022-08-08T17:37:53+00:00","dateModified":"2024-02-14T19:17:40+00:00","breadcrumb":{"@id":"https:\/\/www.hoteldunord.qc.ca\/politique-de-reservation\/#breadcrumb"},"inLanguage":"en-CA","potentialAction":[{"@type":"ReadAction","target":["https:\/\/www.hoteldunord.qc.ca\/politique-de-reservation\/"]}]},{"@type":"BreadcrumbList","@id":"https:\/\/www.hoteldunord.qc.ca\/politique-de-reservation\/#breadcrumb","itemListElement":[{"@type":"ListItem","position":1,"name":"Home","item":"https:\/\/www.hoteldunord.qc.ca\/"},{"@type":"ListItem","position":2,"name":"Politique de r\u00e9servation"}]},{"@type":"WebSite","@id":"https:\/\/www.hoteldunord.qc.ca\/#website","url":"https:\/\/www.hoteldunord.qc.ca\/","name":"H\u00f4tel du Nord","description":"","potentialAction":[{"@type":"SearchAction","target":{"@type":"EntryPoint","urlTemplate":"https:\/\/www.hoteldunord.qc.ca\/?s={search_term_string}"},"query-input":{"@type":"PropertyValueSpecification","valueRequired":true,"valueName":"search_term_string"}}],"inLanguage":"en-CA"}]}},"_links":{"self":[{"href":"https:\/\/www.hoteldunord.qc.ca\/en\/wp-json\/wp\/v2\/pages\/155","targetHints":{"allow":["GET"]}}],"collection":[{"href":"https:\/\/www.hoteldunord.qc.ca\/en\/wp-json\/wp\/v2\/pages"}],"about":[{"href":"https:\/\/www.hoteldunord.qc.ca\/en\/wp-json\/wp\/v2\/types\/page"}],"author":[{"embeddable":true,"href":"https:\/\/www.hoteldunord.qc.ca\/en\/wp-json\/wp\/v2\/users\/1"}],"replies":[{"embeddable":true,"href":"https:\/\/www.hoteldunord.qc.ca\/en\/wp-json\/wp\/v2\/comments?post=155"}],"version-history":[{"count":4,"href":"https:\/\/www.hoteldunord.qc.ca\/en\/wp-json\/wp\/v2\/pages\/155\/revisions"}],"predecessor-version":[{"id":691,"href":"https:\/\/www.hoteldunord.qc.ca\/en\/wp-json\/wp\/v2\/pages\/155\/revisions\/691"}],"wp:attachment":[{"href":"https:\/\/www.hoteldunord.qc.ca\/en\/wp-json\/wp\/v2\/media?parent=155"}],"curies":[{"name":"wp","href":"https:\/\/api.w.org\/{rel}","templated":true}]}}